{"id":40,"date":"2019-04-26T00:54:56","date_gmt":"2019-04-25T22:54:56","guid":{"rendered":"http:\/\/mardis1.home.pl\/autoinstalator\/stowarzyszenie\/?page_id=40"},"modified":"2019-04-26T11:24:34","modified_gmt":"2019-04-26T09:24:34","slug":"sfpk","status":"publish","type":"page","link":"https:\/\/www.sisgstrzelin.pl\/?page_id=40","title":{"rendered":"SFPK"},"content":{"rendered":"<h2>Samorz\u0105dowy Fundusz Por\u0119cze\u0144 Kredytowych<\/h2>\n<p><strong><a href=\"http:\/\/www.sisgstrzelin.pl\/?p=57\">HISTORIA FUNDUSZU<\/a><\/strong><strong>\u00a0<\/strong><\/p>\n<p><strong><a href=\"http:\/\/www.sisgstrzelin.pl\/?p=59\">DZIA\u0141ALNO\u015a\u0106<\/a><\/strong><\/p>\n<p><a href=\"http:\/\/www.sisgstrzelin.pl\/?p=61\"><strong>ORGANIZACJA<\/strong><\/a><\/p>\n<p><a href=\"http:\/\/www.sisgstrzelin.pl\/?p=63\"><strong>PROCEDURA PRZYZNAWANIA POR\u0118CZE\u0143<\/strong><\/a><\/p>\n<p><strong>\u00a0<\/strong><a href=\"http:\/\/www.sisgstrzelin.pl\/?p=65\"><strong>UDZIELONE POR\u0118CZENIA \u2013 DANE STATYSTYCZNE<\/strong><\/a><\/p>\n<p><strong>\u00a0<\/strong><a href=\"http:\/\/www.sisgstrzelin.pl\/?p=67\"><strong>REGULAMIN<\/strong><\/a><\/p>\n","protected":false},"excerpt":{"rendered":"<p>Samorz\u0105dowy Fundusz Por\u0119cze\u0144 Kredytowych HISTORIA FUNDUSZU\u00a0 DZIA\u0141ALNO\u015a\u0106 ORGANIZACJA PROCEDURA PRZYZNAWANIA POR\u0118CZE\u0143 \u00a0UDZIELONE POR\u0118CZENIA \u2013 DANE STATYSTYCZNE \u00a0REGULAMIN<\/p>\n","protected":false},"author":1,"featured_media":0,"parent":0,"menu_order":0,"comment_status":"closed","ping_status":"closed","template":"onecolumn-page.php","meta":{"footnotes":""},"class_list":["post-40","page","type-page","status-publish","hentry"],"_links":{"self":[{"href":"https:\/\/www.sisgstrzelin.pl\/index.php?rest_route=\/wp\/v2\/pages\/40","targetHints":{"allow":["GET"]}}],"collection":[{"href":"https:\/\/www.sisgstrzelin.pl\/index.php?rest_route=\/wp\/v2\/pages"}],"about":[{"href":"https:\/\/www.sisgstrzelin.pl\/index.php?rest_route=\/wp\/v2\/types\/page"}],"author":[{"embeddable":true,"href":"https:\/\/www.sisgstrzelin.pl\/index.php?rest_route=\/wp\/v2\/users\/1"}],"replies":[{"embeddable":true,"href":"https:\/\/www.sisgstrzelin.pl\/index.php?rest_route=%2Fwp%2Fv2%2Fcomments&post=40"}],"version-history":[{"count":5,"href":"https:\/\/www.sisgstrzelin.pl\/index.php?rest_route=\/wp\/v2\/pages\/40\/revisions"}],"predecessor-version":[{"id":105,"href":"https:\/\/www.sisgstrzelin.pl\/index.php?rest_route=\/wp\/v2\/pages\/40\/revisions\/105"}],"wp:attachment":[{"href":"https:\/\/www.sisgstrzelin.pl\/index.php?rest_route=%2Fwp%2Fv2%2Fmedia&parent=40"}],"curies":[{"name":"wp","href":"https:\/\/api.w.org\/{rel}","templated":true}]}}