{"id":38,"date":"2019-04-26T00:54:22","date_gmt":"2019-04-25T22:54:22","guid":{"rendered":"http:\/\/mardis1.home.pl\/autoinstalator\/stowarzyszenie\/?page_id=38"},"modified":"2019-04-26T01:16:26","modified_gmt":"2019-04-25T23:16:26","slug":"wspolpraca","status":"publish","type":"page","link":"https:\/\/www.sisgstrzelin.pl\/?page_id=38","title":{"rendered":"Wsp\u00f3\u0142praca"},"content":{"rendered":"<p>SFPK wsp\u00f3\u0142pracuje z:<\/p>\n<ul>\n<li>Powiatowym Bankiem Sp\u00f3\u0142dzielczym w Strzelinie<\/li>\n<li>PKO BP S.A. Oddzia\u0142 w Strzelinie<\/li>\n<li>Powiatowym Urz\u0119dem Pracy w Strzelinie<\/li>\n<\/ul>\n","protected":false},"excerpt":{"rendered":"<p>SFPK wsp\u00f3\u0142pracuje z: Powiatowym Bankiem Sp\u00f3\u0142dzielczym w Strzelinie PKO BP S.A. Oddzia\u0142 w Strzelinie Powiatowym Urz\u0119dem Pracy w Strzelinie<\/p>\n","protected":false},"author":1,"featured_media":0,"parent":0,"menu_order":0,"comment_status":"closed","ping_status":"closed","template":"onecolumn-page.php","meta":{"footnotes":""},"class_list":["post-38","page","type-page","status-publish","hentry"],"_links":{"self":[{"href":"https:\/\/www.sisgstrzelin.pl\/index.php?rest_route=\/wp\/v2\/pages\/38","targetHints":{"allow":["GET"]}}],"collection":[{"href":"https:\/\/www.sisgstrzelin.pl\/index.php?rest_route=\/wp\/v2\/pages"}],"about":[{"href":"https:\/\/www.sisgstrzelin.pl\/index.php?rest_route=\/wp\/v2\/types\/page"}],"author":[{"embeddable":true,"href":"https:\/\/www.sisgstrzelin.pl\/index.php?rest_route=\/wp\/v2\/users\/1"}],"replies":[{"embeddable":true,"href":"https:\/\/www.sisgstrzelin.pl\/index.php?rest_route=%2Fwp%2Fv2%2Fcomments&post=38"}],"version-history":[{"count":1,"href":"https:\/\/www.sisgstrzelin.pl\/index.php?rest_route=\/wp\/v2\/pages\/38\/revisions"}],"predecessor-version":[{"id":39,"href":"https:\/\/www.sisgstrzelin.pl\/index.php?rest_route=\/wp\/v2\/pages\/38\/revisions\/39"}],"wp:attachment":[{"href":"https:\/\/www.sisgstrzelin.pl\/index.php?rest_route=%2Fwp%2Fv2%2Fmedia&parent=38"}],"curies":[{"name":"wp","href":"https:\/\/api.w.org\/{rel}","templated":true}]}}